{"id":104,"date":"2023-06-16T08:35:20","date_gmt":"2023-06-16T11:35:20","guid":{"rendered":"https:\/\/texascarnesura.com\/?page_id=104"},"modified":"2025-03-25T15:06:58","modified_gmt":"2025-03-25T18:06:58","slug":"texas-kits-churrasco","status":"publish","type":"page","link":"https:\/\/texascarnesura.com\/index.php\/texas-kits-churrasco\/","title":{"rendered":"Texas Kits Churrasco"},"content":{"rendered":"\t\t<div data-elementor-type=\"wp-page\" data-elementor-id=\"104\" class=\"elementor elementor-104\">\n\t\t\t\t\t\t\t<div class=\"elementor-element elementor-element-96db4ab e-con-boxed e-flex e-con\" data-id=\"96db4ab\" data-element_type=\"container\" data-settings=\"{&quot;background_background&quot;:&quot;classic&quot;,&quot;content_width&quot;:&quot;boxed&quot;}\">\n\t\t\t\t\t<div class=\"e-con-inner\">\n\t\t\t\t<div class=\"elementor-element elementor-element-7c47619 elementor-hidden-desktop elementor-hidden-tablet elementor-widget elementor-widget-image\" data-id=\"7c47619\" data-element_type=\"widget\" data-widget_type=\"image.default\">\n\t\t\t\t<div class=\"elementor-widget-container\">\n\t\t\t<style>\/*! elementor - v3.13.1 - 09-05-2023 *\/\n.elementor-widget-image{text-align:center}.elementor-widget-image a{display:inline-block}.elementor-widget-image a img[src$=\".svg\"]{width:48px}.elementor-widget-image img{vertical-align:middle;display:inline-block}<\/style>\t\t\t\t\t\t\t\t\t\t\t\t<img decoding=\"async\" width=\"600\" height=\"600\" src=\"https:\/\/texascarnesura.com\/wp-content\/uploads\/2023\/05\/Logo.png\" class=\"attachment-large size-large wp-image-36\" alt=\"\" loading=\"lazy\" srcset=\"https:\/\/texascarnesura.com\/wp-content\/uploads\/2023\/05\/Logo.png 600w, https:\/\/texascarnesura.com\/wp-content\/uploads\/2023\/05\/Logo-300x300.png 300w, https:\/\/texascarnesura.com\/wp-content\/uploads\/2023\/05\/Logo-150x150.png 150w\" sizes=\"(max-width: 600px) 100vw, 600px\" \/>\t\t\t\t\t\t\t\t\t\t\t\t\t\t\t<\/div>\n\t\t\t\t<\/div>\n\t\t\t\t<div class=\"elementor-element elementor-element-b44e4b3 elementor-widget elementor-widget-image\" data-id=\"b44e4b3\" data-element_type=\"widget\" data-widget_type=\"image.default\">\n\t\t\t\t<div class=\"elementor-widget-container\">\n\t\t\t\t\t\t\t\t\t\t\t\t\t\t\t<img decoding=\"async\" width=\"900\" height=\"420\" src=\"https:\/\/texascarnesura.com\/wp-content\/uploads\/2023\/06\/churrasco-2.png\" class=\"attachment-large size-large wp-image-141\" alt=\"\" loading=\"lazy\" srcset=\"https:\/\/texascarnesura.com\/wp-content\/uploads\/2023\/06\/churrasco-2.png 900w, https:\/\/texascarnesura.com\/wp-content\/uploads\/2023\/06\/churrasco-2-300x140.png 300w, https:\/\/texascarnesura.com\/wp-content\/uploads\/2023\/06\/churrasco-2-768x358.png 768w\" sizes=\"(max-width: 900px) 100vw, 900px\" \/>\t\t\t\t\t\t\t\t\t\t\t\t\t\t\t<\/div>\n\t\t\t\t<\/div>\n\t\t\t\t<div class=\"elementor-element elementor-element-50d703c elementor-widget elementor-widget-heading\" data-id=\"50d703c\" data-element_type=\"widget\" data-widget_type=\"heading.default\">\n\t\t\t\t<div class=\"elementor-widget-container\">\n\t\t\t<style>\/*! elementor - v3.13.1 - 09-05-2023 *\/\n.elementor-heading-title{padding:0;margin:0;line-height:1}.elementor-widget-heading .elementor-heading-title[class*=elementor-size-]>a{color:inherit;font-size:inherit;line-height:inherit}.elementor-widget-heading .elementor-heading-title.elementor-size-small{font-size:15px}.elementor-widget-heading .elementor-heading-title.elementor-size-medium{font-size:19px}.elementor-widget-heading .elementor-heading-title.elementor-size-large{font-size:29px}.elementor-widget-heading .elementor-heading-title.elementor-size-xl{font-size:39px}.elementor-widget-heading .elementor-heading-title.elementor-size-xxl{font-size:59px}<\/style><h2 class=\"elementor-heading-title elementor-size-default\">Cortes selecionados, a mais alta qualidade e o cuidado que sua comemora\u00e7\u00e3o merece.<\/h2>\t\t<\/div>\n\t\t\t\t<\/div>\n\t\t\t\t<div class=\"elementor-element elementor-element-e36bf3f EntrarContato1 elementor-widget elementor-widget-button\" data-id=\"e36bf3f\" data-element_type=\"widget\" id=\"EntrarContato1\" data-widget_type=\"button.default\">\n\t\t\t\t<div class=\"elementor-widget-container\">\n\t\t\t\t\t<div class=\"elementor-button-wrapper\">\n\t\t\t<a href=\"https:\/\/api.whatsapp.com\/send\/?phone=3433160021&#038;text=Ola!%20Vi%20seu%20anuncio%20e%20gostaria%20de%20fazer%20um%20pedido!%20Poderia%20me%20ajudar?\" class=\"elementor-button-link elementor-button elementor-size-lg elementor-animation-grow\" role=\"button\" id=\"EntrarContato1\">\n\t\t\t\t\t\t<span class=\"elementor-button-content-wrapper\">\n\t\t\t\t\t\t\t<span class=\"elementor-button-icon elementor-align-icon-left\">\n\t\t\t\t<i aria-hidden=\"true\" class=\"fab fa-whatsapp\"><\/i>\t\t\t<\/span>\n\t\t\t\t\t\t<span class=\"elementor-button-text\">Fa\u00e7a j\u00e1 o seu pedido<\/span>\n\t\t<\/span>\n\t\t\t\t\t<\/a>\n\t\t<\/div>\n\t\t\t\t<\/div>\n\t\t\t\t<\/div>\n\t\t\t\t\t<\/div>\n\t\t\t\t<\/div>\n\t\t<div class=\"elementor-element elementor-element-474c414 e-con-boxed e-flex e-con\" data-id=\"474c414\" data-element_type=\"container\" data-settings=\"{&quot;background_background&quot;:&quot;classic&quot;,&quot;content_width&quot;:&quot;boxed&quot;}\">\n\t\t\t\t\t<div class=\"e-con-inner\">\n\t\t\t\t<div class=\"elementor-element elementor-element-ed2fff3 elementor-widget elementor-widget-heading\" data-id=\"ed2fff3\" data-element_type=\"widget\" data-widget_type=\"heading.default\">\n\t\t\t\t<div class=\"elementor-widget-container\">\n\t\t\t<h2 class=\"elementor-heading-title elementor-size-default\">Aqui nos preocupamos com a qualidade da carne que vai para sua mesa!<\/h2>\t\t<\/div>\n\t\t\t\t<\/div>\n\t\t\t\t<div class=\"elementor-element elementor-element-4f28f59 elementor-widget elementor-widget-heading\" data-id=\"4f28f59\" data-element_type=\"widget\" data-widget_type=\"heading.default\">\n\t\t\t\t<div class=\"elementor-widget-container\">\n\t\t\t<h2 class=\"elementor-heading-title elementor-size-default\">Temos o compromisso de oferecer sempre as melhores carnes, <br>prezando pela qualidade e o mais alto controle de qualidade no manuseio e preparo.\n<\/h2>\t\t<\/div>\n\t\t\t\t<\/div>\n\t\t<div class=\"elementor-element elementor-element-751f035 e-con-boxed e-flex e-con\" data-id=\"751f035\" data-element_type=\"container\" data-settings=\"{&quot;content_width&quot;:&quot;boxed&quot;}\">\n\t\t\t\t\t<div class=\"e-con-inner\">\n\t\t\t\t\t<\/div>\n\t\t\t\t<\/div>\n\t\t\t\t\t<\/div>\n\t\t\t\t<\/div>\n\t\t<div class=\"elementor-element elementor-element-3bd34a1 e-con-boxed e-flex e-con\" data-id=\"3bd34a1\" data-element_type=\"container\" data-settings=\"{&quot;background_background&quot;:&quot;classic&quot;,&quot;content_width&quot;:&quot;boxed&quot;}\">\n\t\t\t\t\t<div class=\"e-con-inner\">\n\t\t\t\t<div class=\"elementor-element elementor-element-4002032 elementor-widget elementor-widget-heading\" data-id=\"4002032\" data-element_type=\"widget\" data-widget_type=\"heading.default\">\n\t\t\t\t<div class=\"elementor-widget-container\">\n\t\t\t<h2 class=\"elementor-heading-title elementor-size-default\">Por que a Texas Carnes \u00e9 a sua melhor op\u00e7\u00e3o?\n<\/h2>\t\t<\/div>\n\t\t\t\t<\/div>\n\t\t\t\t<div class=\"elementor-element elementor-element-43d0fa7 elementor-widget elementor-widget-heading\" data-id=\"43d0fa7\" data-element_type=\"widget\" data-widget_type=\"heading.default\">\n\t\t\t\t<div class=\"elementor-widget-container\">\n\t\t\t<h2 class=\"elementor-heading-title elementor-size-default\">Aqui voc\u00ea encontra cortes nobres, aves e carnes recheadas. Al\u00e9m disso, temos carv\u00e3o, temperos e tudo para o seu churrasco. Uma ampla variedade para deixar seu churrasco ainda mais saboroso.\n<\/h2>\t\t<\/div>\n\t\t\t\t<\/div>\n\t\t\t\t\t<\/div>\n\t\t\t\t<\/div>\n\t\t<div class=\"elementor-element elementor-element-c9b39ae e-con-boxed e-flex e-con\" data-id=\"c9b39ae\" data-element_type=\"container\" data-settings=\"{&quot;background_background&quot;:&quot;classic&quot;,&quot;content_width&quot;:&quot;boxed&quot;}\">\n\t\t\t\t\t<div class=\"e-con-inner\">\n\t\t\t\t<div class=\"elementor-element elementor-element-27af2b5 elementor-widget elementor-widget-heading\" data-id=\"27af2b5\" data-element_type=\"widget\" data-widget_type=\"heading.default\">\n\t\t\t\t<div class=\"elementor-widget-container\">\n\t\t\t<h2 class=\"elementor-heading-title elementor-size-default\">Escolha agora o seu Kit que n\u00f3s levamos at\u00e9 voc\u00ea. \n<\/h2>\t\t<\/div>\n\t\t\t\t<\/div>\n\t\t<div class=\"elementor-element elementor-element-a37a349 e-con-boxed e-flex e-con\" data-id=\"a37a349\" data-element_type=\"container\" data-settings=\"{&quot;content_width&quot;:&quot;boxed&quot;}\">\n\t\t\t\t\t<div class=\"e-con-inner\">\n\t\t\t\t\t<\/div>\n\t\t\t\t<\/div>\n\t\t\t\t\t<\/div>\n\t\t\t\t<\/div>\n\t\t<div class=\"elementor-element elementor-element-62f6f12 e-con-boxed e-flex e-con\" data-id=\"62f6f12\" data-element_type=\"container\" data-settings=\"{&quot;background_background&quot;:&quot;classic&quot;,&quot;content_width&quot;:&quot;boxed&quot;}\">\n\t\t\t\t\t<div class=\"e-con-inner\">\n\t\t\t\t<div class=\"elementor-element elementor-element-3bddad3 elementor-widget elementor-widget-heading\" data-id=\"3bddad3\" data-element_type=\"widget\" data-widget_type=\"heading.default\">\n\t\t\t\t<div class=\"elementor-widget-container\">\n\t\t\t<h2 class=\"elementor-heading-title elementor-size-default\">Fa\u00e7a seu pedido com a entrega mais r\u00e1pida da cidade, receba seus kits no conforto de sua casa com higiene e qualidade!\n<\/h2>\t\t<\/div>\n\t\t\t\t<\/div>\n\t\t\t\t<div class=\"elementor-element elementor-element-9ba8200 EntrarContato2 elementor-widget elementor-widget-button\" data-id=\"9ba8200\" data-element_type=\"widget\" id=\"EntrarContato2\" data-widget_type=\"button.default\">\n\t\t\t\t<div class=\"elementor-widget-container\">\n\t\t\t\t\t<div class=\"elementor-button-wrapper\">\n\t\t\t<a href=\"https:\/\/api.whatsapp.com\/send\/?phone=3433160021&#038;text=Ola!%20Estava%20na%20sua%20pagina%20e%20gostaria%20de%20conhecer%20mais%20sobre%20seus%20produtos!\" class=\"elementor-button-link elementor-button elementor-size-lg elementor-animation-grow\" role=\"button\" id=\"EntrarContato2\">\n\t\t\t\t\t\t<span class=\"elementor-button-content-wrapper\">\n\t\t\t\t\t\t\t<span class=\"elementor-button-icon elementor-align-icon-left\">\n\t\t\t\t<i aria-hidden=\"true\" class=\"fab fa-whatsapp\"><\/i>\t\t\t<\/span>\n\t\t\t\t\t\t<span class=\"elementor-button-text\">Fa\u00e7a j\u00e1 o seu pedido<\/span>\n\t\t<\/span>\n\t\t\t\t\t<\/a>\n\t\t<\/div>\n\t\t\t\t<\/div>\n\t\t\t\t<\/div>\n\t\t\t\t\t<\/div>\n\t\t\t\t<\/div>\n\t\t<div class=\"elementor-element elementor-element-f0816d1 e-con-boxed e-flex e-con\" data-id=\"f0816d1\" data-element_type=\"container\" data-settings=\"{&quot;background_background&quot;:&quot;classic&quot;,&quot;content_width&quot;:&quot;boxed&quot;}\">\n\t\t\t\t\t<div class=\"e-con-inner\">\n\t\t\t\t<div class=\"elementor-element elementor-element-aee6386 elementor-widget elementor-widget-image\" data-id=\"aee6386\" data-element_type=\"widget\" data-widget_type=\"image.default\">\n\t\t\t\t<div class=\"elementor-widget-container\">\n\t\t\t\t\t\t\t\t\t\t\t\t\t\t\t<img decoding=\"async\" width=\"600\" height=\"600\" src=\"https:\/\/texascarnesura.com\/wp-content\/uploads\/2023\/05\/Logo.png\" class=\"attachment-large size-large wp-image-36\" alt=\"\" loading=\"lazy\" srcset=\"https:\/\/texascarnesura.com\/wp-content\/uploads\/2023\/05\/Logo.png 600w, https:\/\/texascarnesura.com\/wp-content\/uploads\/2023\/05\/Logo-300x300.png 300w, https:\/\/texascarnesura.com\/wp-content\/uploads\/2023\/05\/Logo-150x150.png 150w\" sizes=\"(max-width: 600px) 100vw, 600px\" \/>\t\t\t\t\t\t\t\t\t\t\t\t\t\t\t<\/div>\n\t\t\t\t<\/div>\n\t\t\t\t<div class=\"elementor-element elementor-element-0426ad6 elementor-widget elementor-widget-heading\" data-id=\"0426ad6\" data-element_type=\"widget\" data-widget_type=\"heading.default\">\n\t\t\t\t<div class=\"elementor-widget-container\">\n\t\t\t<h2 class=\"elementor-heading-title elementor-size-default\">Copyright \u00a9 2023. Todos os direitos reservados. Pol\u00edticas de Privacidade<\/h2>\t\t<\/div>\n\t\t\t\t<\/div>\n\t\t\t\t\t<\/div>\n\t\t\t\t<\/div>\n\t\t\t\t\t\t\t<\/div>\n\t\t","protected":false},"excerpt":{"rendered":"<p>Cortes selecionados, a mais alta qualidade e o cuidado que sua comemora\u00e7\u00e3o merece. Fa\u00e7a j\u00e1 o seu pedido Aqui nos preocupamos com a qualidade da carne que vai para sua mesa! Temos o compromisso de oferecer sempre as melhores carnes, prezando pela qualidade e o mais alto controle de qualidade no manuseio e preparo. Por [&hellip;]<\/p>\n","protected":false},"author":1,"featured_media":0,"parent":0,"menu_order":0,"comment_status":"closed","ping_status":"closed","template":"","meta":[],"_links":{"self":[{"href":"https:\/\/texascarnesura.com\/index.php\/wp-json\/wp\/v2\/pages\/104"}],"collection":[{"href":"https:\/\/texascarnesura.com\/index.php\/wp-json\/wp\/v2\/pages"}],"about":[{"href":"https:\/\/texascarnesura.com\/index.php\/wp-json\/wp\/v2\/types\/page"}],"author":[{"embeddable":true,"href":"https:\/\/texascarnesura.com\/index.php\/wp-json\/wp\/v2\/users\/1"}],"replies":[{"embeddable":true,"href":"https:\/\/texascarnesura.com\/index.php\/wp-json\/wp\/v2\/comments?post=104"}],"version-history":[{"count":35,"href":"https:\/\/texascarnesura.com\/index.php\/wp-json\/wp\/v2\/pages\/104\/revisions"}],"predecessor-version":[{"id":173,"href":"https:\/\/texascarnesura.com\/index.php\/wp-json\/wp\/v2\/pages\/104\/revisions\/173"}],"wp:attachment":[{"href":"https:\/\/texascarnesura.com\/index.php\/wp-json\/wp\/v2\/media?parent=104"}],"curies":[{"name":"wp","href":"https:\/\/api.w.org\/{rel}","templated":true}]}}